{"id":1756,"date":"2025-04-02T16:13:55","date_gmt":"2025-04-02T14:13:55","guid":{"rendered":"http:\/\/elromero.bio\/vinos\/"},"modified":"2026-01-18T19:17:33","modified_gmt":"2026-01-18T18:17:33","slug":"vinos","status":"publish","type":"page","link":"http:\/\/elromero.bio\/fr\/vinos\/","title":{"rendered":"Vins"},"content":{"rendered":"\t\t<div data-elementor-type=\"wp-post\" data-elementor-id=\"1756\" class=\"elementor elementor-1756 elementor-568\" data-elementor-post-type=\"page\">\n\t\t\t\t<div class=\"elementor-element elementor-element-696b212 e-con-full e-flex e-con e-parent\" data-id=\"696b212\" data-element_type=\"container\" data-e-type=\"container\" data-settings=\"{&quot;background_background&quot;:&quot;classic&quot;}\">\n\t\t\t\t<div class=\"elementor-element elementor-element-c1a0e7c elementor-widget elementor-widget-spacer\" data-id=\"c1a0e7c\" data-element_type=\"widget\" data-e-type=\"widget\" data-widget_type=\"spacer.default\">\n\t\t\t\t<div class=\"elementor-widget-container\">\n\t\t\t\t\t\t\t<div class=\"elementor-spacer\">\n\t\t\t<div class=\"elementor-spacer-inner\"><\/div>\n\t\t<\/div>\n\t\t\t\t\t\t<\/div>\n\t\t\t\t<\/div>\n\t\t\t\t<\/div>\n\t\t<div class=\"elementor-element elementor-element-4951126 e-con-full e-flex e-con e-parent\" data-id=\"4951126\" data-element_type=\"container\" data-e-type=\"container\">\n\t\t<div class=\"elementor-element elementor-element-42c662f e-con-full e-flex e-con e-child\" data-id=\"42c662f\" data-element_type=\"container\" data-e-type=\"container\">\n\t\t\t\t<div class=\"elementor-element elementor-element-fc16bbd elementor-widget elementor-widget-heading\" data-id=\"fc16bbd\" data-element_type=\"widget\" data-e-type=\"widget\" data-widget_type=\"heading.default\">\n\t\t\t\t<div class=\"elementor-widget-container\">\n\t\t\t\t\t<h2 class=\"elementor-heading-title elementor-size-default\">LA CAVE<\/h2>\t\t\t\t<\/div>\n\t\t\t\t<\/div>\n\t\t\t\t<div class=\"elementor-element elementor-element-32342f7 elementor-widget elementor-widget-heading\" data-id=\"32342f7\" data-element_type=\"widget\" data-e-type=\"widget\" data-widget_type=\"heading.default\">\n\t\t\t\t<div class=\"elementor-widget-container\">\n\t\t\t\t\t<h1 class=\"elementor-heading-title elementor-size-default\">Nos Vins &amp; Champagnes<\/h1>\t\t\t\t<\/div>\n\t\t\t\t<\/div>\n\t\t\t\t<div class=\"elementor-element elementor-element-1a1eda5 elementor-widget-divider--view-line elementor-widget elementor-widget-divider\" data-id=\"1a1eda5\" data-element_type=\"widget\" data-e-type=\"widget\" data-widget_type=\"divider.default\">\n\t\t\t\t<div class=\"elementor-widget-container\">\n\t\t\t\t\t\t\t<div class=\"elementor-divider\">\n\t\t\t<span class=\"elementor-divider-separator\">\n\t\t\t\t\t\t<\/span>\n\t\t<\/div>\n\t\t\t\t\t\t<\/div>\n\t\t\t\t<\/div>\n\t\t\t\t<div class=\"elementor-element elementor-element-8635104 elementor-widget elementor-widget-text-editor\" data-id=\"8635104\" data-element_type=\"widget\" data-e-type=\"widget\" data-widget_type=\"text-editor.default\">\n\t\t\t\t<div class=\"elementor-widget-container\">\n\t\t\t\t\t\t\t\t\t<p>Directs, authentiques, bien \u00e9labor\u00e9s : nous recherchons des vins qui refl\u00e8tent notre vision de la gastronomie. Nous nous int\u00e9ressons aux projets vitivinicoles qui prennent soin de la terre, qui respectent le rythme naturel du vignoble et qui \u00e9laborent avec sensibilit\u00e9 et discernement.&nbsp;<\/p><p>Un concept clair et une carte exceptionnelle, pour laquelle nous s\u00e9lectionnons constamment les meilleures r\u00e9f\u00e9rences, se distinguant non seulement par leur qualit\u00e9, mais aussi par leur engagement envers l&rsquo;environnement dans lequel elles naissent.<\/p>\t\t\t\t\t\t\t\t<\/div>\n\t\t\t\t<\/div>\n\t\t\t\t<\/div>\n\t\t\t\t<\/div>\n\t\t<div class=\"elementor-element elementor-element-a8593a5 e-flex e-con-boxed e-con e-parent\" data-id=\"a8593a5\" data-element_type=\"container\" data-e-type=\"container\">\n\t\t\t\t\t<div class=\"e-con-inner\">\n\t\t\t\t<div class=\"elementor-element elementor-element-c8a1477 elementor-widget elementor-widget-text-editor\" data-id=\"c8a1477\" data-element_type=\"widget\" data-e-type=\"widget\" data-widget_type=\"text-editor.default\">\n\t\t\t\t<div class=\"elementor-widget-container\">\n\t\t\t\t\t\t\t\t\t<p><iframe class=\"airtable-embed\" style=\"background: transparent; border: 1px solid #ccc;\" src=\"https:\/\/airtable.com\/embed\/app5dtBKZcU9IMn7y\/shr1g9Bn4u0FjySXu\" width=\"100%\" height=\"533\" frameborder=\"0\"><\/iframe><\/p>\t\t\t\t\t\t\t\t<\/div>\n\t\t\t\t<\/div>\n\t\t\t\t\t<\/div>\n\t\t\t\t<\/div>\n\t\t<div class=\"elementor-element elementor-element-24a149e e-con-full e-flex e-con e-parent\" data-id=\"24a149e\" data-element_type=\"container\" data-e-type=\"container\">\n\t\t\t\t<div class=\"elementor-element elementor-element-e0b40fa elementor-widget elementor-widget-image-carousel\" data-id=\"e0b40fa\" data-element_type=\"widget\" data-e-type=\"widget\" data-settings=\"{&quot;slides_to_show&quot;:&quot;4&quot;,&quot;navigation&quot;:&quot;none&quot;,&quot;slides_to_show_mobile&quot;:&quot;2&quot;,&quot;autoplay&quot;:&quot;yes&quot;,&quot;pause_on_hover&quot;:&quot;yes&quot;,&quot;pause_on_interaction&quot;:&quot;yes&quot;,&quot;autoplay_speed&quot;:5000,&quot;infinite&quot;:&quot;yes&quot;,&quot;speed&quot;:500}\" data-widget_type=\"image-carousel.default\">\n\t\t\t\t<div class=\"elementor-widget-container\">\n\t\t\t\t\t\t\t<div class=\"elementor-image-carousel-wrapper swiper\" role=\"region\" aria-roledescription=\"carousel\" aria-label=\"Carrusel de im\u00e1genes\" dir=\"ltr\">\n\t\t\t<div class=\"elementor-image-carousel swiper-wrapper\" aria-live=\"off\">\n\t\t\t\t\t\t\t\t<div class=\"swiper-slide\" role=\"group\" aria-roledescription=\"slide\" aria-label=\"1 sur 7\"><figure class=\"swiper-slide-inner\"><img decoding=\"async\" class=\"swiper-slide-image\" src=\"http:\/\/elromero.bio\/wp-content\/uploads\/2025\/05\/EmptyName-7-1-scaled-e1747988368779-768x1152.jpg\" alt=\"El Romero Platos\" \/><\/figure><\/div><div class=\"swiper-slide\" role=\"group\" aria-roledescription=\"slide\" aria-label=\"2 sur 7\"><figure class=\"swiper-slide-inner\"><img decoding=\"async\" class=\"swiper-slide-image\" src=\"http:\/\/elromero.bio\/wp-content\/uploads\/2025\/05\/EmptyName-12-768x1152.jpg\" alt=\"Snacks 1\" \/><\/figure><\/div><div class=\"swiper-slide\" role=\"group\" aria-roledescription=\"slide\" aria-label=\"3 sur 7\"><figure class=\"swiper-slide-inner\"><img decoding=\"async\" class=\"swiper-slide-image\" src=\"http:\/\/elromero.bio\/wp-content\/uploads\/2025\/05\/EmptyName-58-768x1152.jpg\" alt=\"Passatelli\" \/><\/figure><\/div><div class=\"swiper-slide\" role=\"group\" aria-roledescription=\"slide\" aria-label=\"4 sur 7\"><figure class=\"swiper-slide-inner\"><img decoding=\"async\" class=\"swiper-slide-image\" src=\"http:\/\/elromero.bio\/wp-content\/uploads\/2025\/05\/EmptyName-60-768x1152.jpg\" alt=\"Zanahoria\" \/><\/figure><\/div><div class=\"swiper-slide\" role=\"group\" aria-roledescription=\"slide\" aria-label=\"5 sur 7\"><figure class=\"swiper-slide-inner\"><img decoding=\"async\" class=\"swiper-slide-image\" src=\"http:\/\/elromero.bio\/wp-content\/uploads\/2025\/05\/EmptyName-39-768x1152.jpg\" alt=\"oquis\" \/><\/figure><\/div><div class=\"swiper-slide\" role=\"group\" aria-roledescription=\"slide\" aria-label=\"6 sur 7\"><figure class=\"swiper-slide-inner\"><img decoding=\"async\" class=\"swiper-slide-image\" src=\"http:\/\/elromero.bio\/wp-content\/uploads\/2025\/05\/EmptyName-33-768x1152.jpg\" alt=\"Raya\" \/><\/figure><\/div><div class=\"swiper-slide\" role=\"group\" aria-roledescription=\"slide\" aria-label=\"7 sur 7\"><figure class=\"swiper-slide-inner\"><img decoding=\"async\" class=\"swiper-slide-image\" src=\"http:\/\/elromero.bio\/wp-content\/uploads\/2025\/05\/EmptyName-24-768x1152.jpg\" alt=\"El Romero Platos\" \/><\/figure><\/div>\t\t\t<\/div>\n\t\t\t\t\t\t\t\n\t\t\t\t\t\t\t\t\t<\/div>\n\t\t\t\t\t\t<\/div>\n\t\t\t\t<\/div>\n\t\t\t\t<\/div>\n\t\t\t\t<\/div>\n\t\t","protected":false},"excerpt":{"rendered":"<p>LA CAVE Nos Vins &amp; Champagnes Directs, authentiques, bien \u00e9labor\u00e9s : nous recherchons des vins qui refl\u00e8tent notre vision de la gastronomie. Nous nous int\u00e9ressons aux projets vitivinicoles qui prennent soin de la terre, qui respectent le rythme naturel du vignoble et qui \u00e9laborent avec sensibilit\u00e9 et discernement.&nbsp; Un concept clair et une carte exceptionnelle, [&hellip;]<\/p>\n","protected":false},"author":3,"featured_media":0,"parent":0,"menu_order":0,"comment_status":"closed","ping_status":"open","template":"","meta":{"_acf_changed":false,"footnotes":""},"class_list":["post-1756","page","type-page","status-publish","hentry"],"acf":[],"_links":{"self":[{"href":"http:\/\/elromero.bio\/fr\/wp-json\/wp\/v2\/pages\/1756","targetHints":{"allow":["GET"]}}],"collection":[{"href":"http:\/\/elromero.bio\/fr\/wp-json\/wp\/v2\/pages"}],"about":[{"href":"http:\/\/elromero.bio\/fr\/wp-json\/wp\/v2\/types\/page"}],"author":[{"embeddable":true,"href":"http:\/\/elromero.bio\/fr\/wp-json\/wp\/v2\/users\/3"}],"replies":[{"embeddable":true,"href":"http:\/\/elromero.bio\/fr\/wp-json\/wp\/v2\/comments?post=1756"}],"version-history":[{"count":3,"href":"http:\/\/elromero.bio\/fr\/wp-json\/wp\/v2\/pages\/1756\/revisions"}],"predecessor-version":[{"id":10345,"href":"http:\/\/elromero.bio\/fr\/wp-json\/wp\/v2\/pages\/1756\/revisions\/10345"}],"wp:attachment":[{"href":"http:\/\/elromero.bio\/fr\/wp-json\/wp\/v2\/media?parent=1756"}],"curies":[{"name":"wp","href":"https:\/\/api.w.org\/{rel}","templated":true}]}}