{"id":2150,"date":"2025-06-09T11:29:56","date_gmt":"2025-06-09T09:29:56","guid":{"rendered":"http:\/\/elromero.bio\/condiciones-de-la-reserva\/"},"modified":"2026-02-27T15:31:36","modified_gmt":"2026-02-27T14:31:36","slug":"politique-de-reservations","status":"publish","type":"page","link":"http:\/\/elromero.bio\/fr\/politique-de-reservations\/","title":{"rendered":"Politique de r\u00e9servation"},"content":{"rendered":"\t\t<div data-elementor-type=\"wp-page\" data-elementor-id=\"2150\" class=\"elementor elementor-2150 elementor-2144\" data-elementor-post-type=\"page\">\n\t\t\t\t<div class=\"elementor-element elementor-element-cef2492 e-con-full e-flex e-con e-parent\" data-id=\"cef2492\" data-element_type=\"container\" data-e-type=\"container\">\n\t\t\t\t<\/div>\n\t\t<div class=\"elementor-element elementor-element-da50a7a e-flex e-con-boxed e-con e-parent\" data-id=\"da50a7a\" data-element_type=\"container\" data-e-type=\"container\">\n\t\t\t\t\t<div class=\"e-con-inner\">\n\t\t\t\t<div class=\"elementor-element elementor-element-b38f2c6 elementor-widget elementor-widget-text-editor\" data-id=\"b38f2c6\" data-element_type=\"widget\" data-e-type=\"widget\" data-widget_type=\"text-editor.default\">\n\t\t\t\t<div class=\"elementor-widget-container\">\n\t\t\t\t\t\t\t\t\t<h4><b>Notre politique d&rsquo;annulation<\/b>\u00a0<\/h4><p>Nous travaillons avec des produits frais et de saison s\u00e9lectionn\u00e9s sp\u00e9cifiquement pour chaque convive. Pour garantir la durabilit\u00e9 de notre projet :<\/p><p><b>\u2713 Annulation gratuite :<\/b>\u00a0Vous pouvez annuler ou modifier votre r\u00e9servation sans frais jusqu&rsquo;\u00e0\u00a0<b>24 heures avant<\/b>\u00a0votre rendez-vous.<\/p><p><b>\u2713 Garantie d&rsquo;assistance :<\/b>\u00a0En cas d&rsquo;annulation moins de 24 heures \u00e0 l&rsquo;avance ou de non-pr\u00e9sentation, des frais de\u00a0<b>85 \u20ac par personne<\/b> seront pr\u00e9lev\u00e9s sur la carte bancaire fournie.\u00a0<strong><i>Les r\u00e9servations effectu\u00e9es moins de 24 heures \u00e0 l&rsquo;avance ne permettent pas d&rsquo;annulation gratuite en raison de la pr\u00e9paration pr\u00e9alable des produits.<\/i><\/strong><\/p><p><b>\u2713 D\u00e9lai de courtoisie :<\/b>\u00a0Nous savons que des impr\u00e9vus surviennent ; c\u2019est pourquoi nous r\u00e9serverons votre table pendant\u00a0<b>15 minutes de courtoisie<\/b>\u00a0apr\u00e8s l&rsquo;heure pr\u00e9vue.<\/p><h4><b>Allergies et intol\u00e9rances : Nous souhaitons prendre soin de vous<\/b>\u00a0<\/h4><p>Pour vous offrir un service s\u00fbr et adapt\u00e9 \u00e0 vos besoins<\/p><p><strong>\u2713 il est in<\/strong><b>dispensable de nous communiquer toute allergie ou intol\u00e9rance au moins 24 heures \u00e0 l&rsquo;avance<\/b>. Dans le cas contraire, nous ne pourrons garantir de modifications sur les menus en vigueur.<\/p><p><strong>\u2713 El Romero est un espace adapt\u00e9 aux personnes coeliaques.<\/strong> Concernant les autres allerg\u00e8nes, en raison de la taille de notre cuisine, nous ne pouvons garantir l&rsquo;absence totale de traces ou de contamination crois\u00e9e, notamment pour les poissons et crustac\u00e9s. Nous vous remercions de votre compr\u00e9hension.<\/p><h4><b>Plaisir et convivialit\u00e9<\/b><\/h4><p><b>\u2713 Espace non-fumeur :<\/b>\u00a0Afin de prot\u00e9ger l&rsquo;exp\u00e9rience sensorielle et la saveur de nos plats, nous prions nos clients de\u00a0<b>ne pas fumer sur notre terrasse<\/b>\u00a0(y compris les cigarettes \u00e9lectroniques).<\/p><p><b>\u2713 Enfants chez El Romero :<\/b>\u00a0Les enfants sont les bienvenus tant qu&rsquo;ils se sentent \u00e0 l&rsquo;aise avec nos\u00a0<b>menus d\u00e9gustation<\/b>. Veuillez noter que l&rsquo;exp\u00e9rience est con\u00e7ue pour \u00eatre appr\u00e9ci\u00e9e sans h\u00e2te, avec une\u00a0<b>dur\u00e9e habituelle comprise entre 1h30 et 2h<\/b>, et que nous ne disposons pas de menus enfants sp\u00e9cifiques.<\/p><p>Pour toute modification ou demande d&rsquo;information, n&rsquo;h\u00e9sitez pas \u00e0 nous \u00e9crire \u00e0 <b data-path-to-node=\"6,0\" data-index-in-node=\"81\">info@elromero.bio<\/b> ou \u00e0 nous appeler au <b data-path-to-node=\"6,0\" data-index-in-node=\"120\">+34 971 351780<\/b>.<\/p><p><strong>En cliquant sur R\u00e9server, vous acceptez les Termes et Conditions du service<\/strong><\/p>\t\t\t\t\t\t\t\t<\/div>\n\t\t\t\t<\/div>\n\t\t\t\t\t<\/div>\n\t\t\t\t<\/div>\n\t\t\t\t<\/div>\n\t\t","protected":false},"excerpt":{"rendered":"<p>Notre politique d&rsquo;annulation\u00a0 Nous travaillons avec des produits frais et de saison s\u00e9lectionn\u00e9s sp\u00e9cifiquement pour chaque convive. Pour garantir la durabilit\u00e9 de notre projet : \u2713 Annulation gratuite :\u00a0Vous pouvez annuler ou modifier votre r\u00e9servation sans frais jusqu&rsquo;\u00e0\u00a024 heures avant\u00a0votre rendez-vous. \u2713 Garantie d&rsquo;assistance :\u00a0En cas d&rsquo;annulation moins de 24 heures \u00e0 l&rsquo;avance ou de [&hellip;]<\/p>\n","protected":false},"author":3,"featured_media":0,"parent":0,"menu_order":0,"comment_status":"closed","ping_status":"closed","template":"","meta":{"_acf_changed":false,"footnotes":""},"class_list":["post-2150","page","type-page","status-publish","hentry"],"acf":[],"_links":{"self":[{"href":"http:\/\/elromero.bio\/fr\/wp-json\/wp\/v2\/pages\/2150","targetHints":{"allow":["GET"]}}],"collection":[{"href":"http:\/\/elromero.bio\/fr\/wp-json\/wp\/v2\/pages"}],"about":[{"href":"http:\/\/elromero.bio\/fr\/wp-json\/wp\/v2\/types\/page"}],"author":[{"embeddable":true,"href":"http:\/\/elromero.bio\/fr\/wp-json\/wp\/v2\/users\/3"}],"replies":[{"embeddable":true,"href":"http:\/\/elromero.bio\/fr\/wp-json\/wp\/v2\/comments?post=2150"}],"version-history":[{"count":7,"href":"http:\/\/elromero.bio\/fr\/wp-json\/wp\/v2\/pages\/2150\/revisions"}],"predecessor-version":[{"id":10808,"href":"http:\/\/elromero.bio\/fr\/wp-json\/wp\/v2\/pages\/2150\/revisions\/10808"}],"wp:attachment":[{"href":"http:\/\/elromero.bio\/fr\/wp-json\/wp\/v2\/media?parent=2150"}],"curies":[{"name":"wp","href":"https:\/\/api.w.org\/{rel}","templated":true}]}}